{"id":4692,"date":"2018-05-28T00:00:00","date_gmt":"2018-05-27T22:00:00","guid":{"rendered":"http:\/\/duni2.outbb.com\/kundegrunnlaget\/strategier\/prospects-c-d-customers\/"},"modified":"2018-05-28T00:00:00","modified_gmt":"2018-05-27T22:00:00","slug":"prospects-c-d-customers","status":"publish","type":"page","link":"https:\/\/duni.outbb.com\/no\/kundegrunnlaget\/strategier\/prospects-c-d-customers\/","title":{"rendered":"Prospects &#8211; C  &#038; D customers"},"content":{"rendered":"\n<style type=\"text\/css\" data-created_by=\"avia_inline_auto\" id=\"style-css-av-av_heading-f0c9547c222c5e36b219b07f2b0d5dc7\">\n#top .av-special-heading.av-av_heading-f0c9547c222c5e36b219b07f2b0d5dc7{\npadding-bottom:10px;\n}\nbody .av-special-heading.av-av_heading-f0c9547c222c5e36b219b07f2b0d5dc7 .av-special-heading-tag .heading-char{\nfont-size:25px;\n}\n.av-special-heading.av-av_heading-f0c9547c222c5e36b219b07f2b0d5dc7 .av-subheading{\nfont-size:15px;\n}\n<\/style>\n<div  class='av-special-heading av-av_heading-f0c9547c222c5e36b219b07f2b0d5dc7 av-special-heading-h3  avia-builder-el-0  el_before_av_textblock  avia-builder-el-first '><h3 class='av-special-heading-tag '  itemprop=\"headline\"  >Prospects and EU D customers<\/h3><div class=\"special-heading-border\"><div class=\"special-heading-inner-border\"><\/div><\/div><\/div>\n<section  class='av_textblock_section av-jhqn8f70-903d8ad20bc5dd0677cd49eca6753907 '   itemscope=\"itemscope\" itemtype=\"https:\/\/schema.org\/CreativeWork\" ><div class='avia_textblock'  itemprop=\"text\" ><p>Prospects and EU D customer &#8211;\u00a0Prospektit ja D -asiakkaat<u><\/u><\/p>\n<p>How many prospects HIGH do you have?<br \/>\nKuinka monta HIGH \u2013prospektia sinulla on?<\/p>\n<p>Go through the list and choose 3 \u2013 5 which you shall focus on<br \/>\nK\u00e4y l\u00e4pi lista ja valitse 3-5 (prospektia) mihin aiot keskitty\u00e4<\/p>\n<p>How many visits on LOW and EU D have you made?<br \/>\nKuinka monta k\u00e4ynti\u00e4 LOW \/ D-asiakkaissa olet tehnyt?<\/p>\n<p>If you reduce your visits to 0 (zero) in big steps on these customers, how would you do this and to where will you move these visits<br \/>\nJos v\u00e4henn\u00e4t k\u00e4yntej\u00e4si vaiheittain n\u00e4ille asiakkaille, niin ett\u00e4 lopulta et k\u00e4y niiss\u00e4 ollenkaan (k\u00e4ynnit 0), miten t\u00e4m\u00e4n tekisit ja mihin asiakkaisiin siirt\u00e4isit niist\u00e4 vapautuneet k\u00e4ynnit?<\/p>\n<\/div><\/section>\n","protected":false},"excerpt":{"rendered":"","protected":false},"author":4,"featured_media":0,"parent":4690,"menu_order":0,"comment_status":"closed","ping_status":"closed","template":"","meta":{"_acf_changed":false,"footnotes":""},"class_list":["post-4692","page","type-page","status-publish","hentry"],"acf":[],"_links":{"self":[{"href":"https:\/\/duni.outbb.com\/no\/wp-json\/wp\/v2\/pages\/4692","targetHints":{"allow":["GET"]}}],"collection":[{"href":"https:\/\/duni.outbb.com\/no\/wp-json\/wp\/v2\/pages"}],"about":[{"href":"https:\/\/duni.outbb.com\/no\/wp-json\/wp\/v2\/types\/page"}],"author":[{"embeddable":true,"href":"https:\/\/duni.outbb.com\/no\/wp-json\/wp\/v2\/users\/4"}],"replies":[{"embeddable":true,"href":"https:\/\/duni.outbb.com\/no\/wp-json\/wp\/v2\/comments?post=4692"}],"version-history":[{"count":0,"href":"https:\/\/duni.outbb.com\/no\/wp-json\/wp\/v2\/pages\/4692\/revisions"}],"up":[{"embeddable":true,"href":"https:\/\/duni.outbb.com\/no\/wp-json\/wp\/v2\/pages\/4690"}],"wp:attachment":[{"href":"https:\/\/duni.outbb.com\/no\/wp-json\/wp\/v2\/media?parent=4692"}],"curies":[{"name":"wp","href":"https:\/\/api.w.org\/{rel}","templated":true}]}}